{"id":2,"date":"2021-09-25T17:21:49","date_gmt":"2021-09-25T17:21:49","guid":{"rendered":"https:\/\/tdah-cc.es\/wp\/?page_id=2"},"modified":"2021-10-12T21:11:02","modified_gmt":"2021-10-12T21:11:02","slug":"sample-page","status":"publish","type":"page","link":"https:\/\/tdah-cc.es\/wp\/?page_id=2","title":{"rendered":"Quienes somos"},"content":{"rendered":"\n<div class=\"wp-block-image\"><figure class=\"aligncenter size-full\"><img loading=\"lazy\" decoding=\"async\" width=\"700\" height=\"400\" src=\"https:\/\/tdah-cc.es\/wp\/wp-content\/uploads\/2021\/10\/Quienes-somos.jpg\" alt=\"\" class=\"wp-image-63\" srcset=\"https:\/\/tdah-cc.es\/wp\/wp-content\/uploads\/2021\/10\/Quienes-somos.jpg 700w, https:\/\/tdah-cc.es\/wp\/wp-content\/uploads\/2021\/10\/Quienes-somos-300x171.jpg 300w\" sizes=\"auto, (max-width: 700px) 100vw, 700px\" \/><\/figure><\/div>\n\n\n\n<p>La Asociaci\u00f3n TDAH Camu\u00f1as y Comarca es una asociaci\u00f3n sin \u00e1nimo de lucro cuyo objetivo es ofrecer respuesta, ayuda y respaldo a todos aquellos individuos, familias y profesionales que tengan alg\u00fan familiar, alumno o allegado que tenga diagn\u00f3stico o sospecha de TDAH (Trastorno por D\u00e9ficit de Atenci\u00f3n e Hiperactividad), u otras problem\u00e1ticas que compartan caracter\u00edsticas afines.<\/p>\n\n\n\n<p>Est\u00e1 formada por un conjunto de familias principalmente de la zona de Camu\u00f1as, Madridejos, Herencia, Villaca\u00f1as, Consuegra, Villafranca de los Caballeros, Alc\u00e1zar de San Juan, Campo de Criptana, &#8230; . <\/p>\n\n\n\n<p>Nuestra intenci\u00f3n es llegar al mayor n\u00famero de familias posible.<\/p>\n\n\n\n<p> <\/p>\n\n\n\n<p><\/p>\n","protected":false},"excerpt":{"rendered":"<p>La Asociaci\u00f3n TDAH Camu\u00f1as y Comarca es una asociaci\u00f3n sin \u00e1nimo de lucro cuyo objetivo es ofrecer respuesta, ayuda y respaldo a todos aquellos individuos, familias y profesionales que tengan alg\u00fan familiar, alumno o allegado que tenga diagn\u00f3stico o sospecha de TDAH (Trastorno por D\u00e9ficit de Atenci\u00f3n e Hiperactividad), u otras problem\u00e1ticas que compartan caracter\u00edsticas [&hellip;]<\/p>\n","protected":false},"author":3,"featured_media":0,"parent":0,"menu_order":0,"comment_status":"closed","ping_status":"open","template":"","meta":{"footnotes":""},"class_list":["post-2","page","type-page","status-publish","czr-hentry"],"_links":{"self":[{"href":"https:\/\/tdah-cc.es\/wp\/index.php?rest_route=\/wp\/v2\/pages\/2","targetHints":{"allow":["GET"]}}],"collection":[{"href":"https:\/\/tdah-cc.es\/wp\/index.php?rest_route=\/wp\/v2\/pages"}],"about":[{"href":"https:\/\/tdah-cc.es\/wp\/index.php?rest_route=\/wp\/v2\/types\/page"}],"author":[{"embeddable":true,"href":"https:\/\/tdah-cc.es\/wp\/index.php?rest_route=\/wp\/v2\/users\/3"}],"replies":[{"embeddable":true,"href":"https:\/\/tdah-cc.es\/wp\/index.php?rest_route=%2Fwp%2Fv2%2Fcomments&post=2"}],"version-history":[{"count":3,"href":"https:\/\/tdah-cc.es\/wp\/index.php?rest_route=\/wp\/v2\/pages\/2\/revisions"}],"predecessor-version":[{"id":65,"href":"https:\/\/tdah-cc.es\/wp\/index.php?rest_route=\/wp\/v2\/pages\/2\/revisions\/65"}],"wp:attachment":[{"href":"https:\/\/tdah-cc.es\/wp\/index.php?rest_route=%2Fwp%2Fv2%2Fmedia&parent=2"}],"curies":[{"name":"wp","href":"https:\/\/api.w.org\/{rel}","templated":true}]}}